{"id":935,"date":"2025-01-25T08:00:17","date_gmt":"2025-01-25T08:00:17","guid":{"rendered":"https:\/\/mycardterms.com\/seaworld\/?page_id=935"},"modified":"2025-02-11T19:14:03","modified_gmt":"2025-02-11T19:14:03","slug":"avisos-del-titular-de-la-tarjeta","status":"publish","type":"page","link":"https:\/\/mycardterms.com\/seaworld\/es-mx\/avisos-del-titular-de-la-tarjeta\/","title":{"rendered":"Avisos del Titular de la Tarjeta"},"content":{"rendered":"<p>Modificaciones de los t\u00e9rminos de la Tarjeta<\/p>\n<p>No se han realizado cambios en este sitio en este momento. Vuelva a corroborarlo m\u00e1s tarde. Para ver todos los T\u00e9rminos de la Tarjeta de Regalo vigentes, visite <a href=\"https:\/\/mycardterms.com\/seaworld\/es-mx\/inicio\/terminos-completos\/\">T\u00e9rminos de la Tarjeta de Regalo<\/a>.<\/p>\n","protected":false},"excerpt":{"rendered":"<p>Modificaciones de los t\u00e9rminos de la Tarjeta No se han realizado cambios en este sitio en este momento. Vuelva a corroborarlo m\u00e1s tarde. Para ver todos los T\u00e9rminos de la Tarjeta de Regalo vigentes, visite T\u00e9rminos de la Tarjeta de Regalo.<\/p>\n","protected":false},"author":2,"featured_media":0,"parent":0,"menu_order":0,"comment_status":"closed","ping_status":"closed","template":"","meta":{"_acf_changed":false,"footnotes":""},"class_list":["post-935","page","type-page","status-publish","hentry"],"acf":[],"_links":{"self":[{"href":"https:\/\/mycardterms.com\/seaworld\/wp-json\/wp\/v2\/pages\/935","targetHints":{"allow":["GET"]}}],"collection":[{"href":"https:\/\/mycardterms.com\/seaworld\/wp-json\/wp\/v2\/pages"}],"about":[{"href":"https:\/\/mycardterms.com\/seaworld\/wp-json\/wp\/v2\/types\/page"}],"author":[{"embeddable":true,"href":"https:\/\/mycardterms.com\/seaworld\/wp-json\/wp\/v2\/users\/2"}],"replies":[{"embeddable":true,"href":"https:\/\/mycardterms.com\/seaworld\/wp-json\/wp\/v2\/comments?post=935"}],"version-history":[{"count":0,"href":"https:\/\/mycardterms.com\/seaworld\/wp-json\/wp\/v2\/pages\/935\/revisions"}],"wp:attachment":[{"href":"https:\/\/mycardterms.com\/seaworld\/wp-json\/wp\/v2\/media?parent=935"}],"curies":[{"name":"wp","href":"https:\/\/api.w.org\/{rel}","templated":true}]}}