{"id":199,"date":"2024-05-21T16:02:42","date_gmt":"2024-05-21T16:02:42","guid":{"rendered":"https:\/\/mycardterms.com\/cimimart\/?page_id=199"},"modified":"2025-01-22T16:06:37","modified_gmt":"2025-01-22T16:06:37","slug":"fraude","status":"publish","type":"page","link":"https:\/\/mycardterms.com\/seaworld\/es-mx\/fraude\/","title":{"rendered":"Fraude\/estafas"},"content":{"rendered":"<p>Est\u00e9 atento al fraude y las estafas<\/p>\n<div class=\"wp-caption\">\n<p><a href=\"https:\/\/stopgiftcardscams.com\/\" target=\"_blank\" rel=\"noopener\"><img loading=\"lazy\" decoding=\"async\" class=\"alignnone wp-image-71 size-medium\" style=\"margin-bottom: 20px\" src=\"https:\/\/mycardterms.com\/sellmore\/wp-content\/uploads\/sites\/69\/2023\/07\/FraudSignage2_450x405.png\" alt=\"SCAM ALERT! Be aware gift cards are for gifts, NOT payments. If anyone insists you pay with gift cards, decline the offer and report the incident.\" width=\"240\" height=\"207\" \/><\/a><\/p>\n<div><\/div>\n<div class=\"wp-caption-text\">ALERTA DE ESTAFAS CON LA TARJETA DE REGALO<\/div>\n<div class=\"wp-caption-text\">\n<p>Los titulares de Tarjetas de regalo pueden ser v\u00edctimas de estafadores. Comprender las estafas. Consulte las se\u00f1ales de alerta. Conozca su papel en las estafas. Descubra c\u00f3mo evitar estafas. Aprenda a denunciar las estafas.<\/p>\n<p>Las Tarjetas de Regalo son uno de los productos de consumo m\u00e1s populares de la historia. Seg\u00fan la National Retail Federation, las Tarjetas de regalo han sido el regalo m\u00e1s popular de los consumidores durante 14 a\u00f1os consecutivos. Desafortunadamente, ahora los consumidores son blanco de estafadores y defraudadores de distinto tipo. Los consumidores se pueden defender. La clave est\u00e1 en la educaci\u00f3n. Visite <a href=\"https:\/\/stopgiftcardscams.com\/\">stopgiftcardscams.com<\/a>.<\/p>\n<\/div>\n<\/div>\n<div class=\"wp-caption\">\n<p><a href=\"https:\/\/stopgiftcardscams.com\/\" target=\"_blank\" rel=\"noopener\"><img loading=\"lazy\" decoding=\"async\" class=\"alignnone wp-image-71 size-medium\" style=\"margin-bottom: 20px\" src=\"https:\/\/mycardterms.com\/sellmore\/wp-content\/uploads\/sites\/69\/2024\/04\/FraudSignageTamper6.png\" alt=\"SCAM ALERT! Be aware gift cards are for gifts, NOT payments. If anyone insists you pay with gift cards, decline the offer and report the incident.\" width=\"240\" height=\"207\" \/><\/a><\/p>\n<div><\/div>\n<div class=\"wp-caption-text\">ALERTA DE FALSIFICACI\u00d3N DE TARJETAS REGALO: Evite comprar una tarjeta de regalo manipulada<\/div>\n<div><\/div>\n<div class=\"wp-caption-text\">La falsificaci\u00f3n de tarjetas de regalo es uno de los esquemas de fraude m\u00e1s importantes. Los estafadores retiran una tarjeta de un estante de venta. Manipulan el embalaje, roban uno o m\u00e1s n\u00famero(s) de la tarjeta y devuelven la tarjeta al estante. Luego, esperan hasta que un comprador adquiera la tarjeta. Cuando la tarjeta se activa en el momento de la venta, utilizan los n\u00fameros de tarjeta robados para usar la tarjeta y consumir el cr\u00e9dito, lo que hace que el comprador tenga una tarjeta sin valor. Los consumidores se pueden defender. Est\u00e9 atento al comprar tarjetas de regalo. Revise la tarjeta y el embalaje. NO VENDA NI COMPRE SI EL EMBALAJE EST\u00c1 ROTO O TIENE SIGNOS DE HABER SIDO MANIPULADO. La educaci\u00f3n y la concientizaci\u00f3n son fundamentales. Visite <a href=\"https:\/\/stopgiftcardscams.com\/\">stopgiftcardscams.com<\/a>.<\/div>\n<\/div>\n","protected":false},"excerpt":{"rendered":"<p>Est\u00e9 atento al fraude y las estafas ALERTA DE ESTAFAS CON LA TARJETA DE REGALO Los titulares de Tarjetas de regalo pueden ser v\u00edctimas de estafadores. Comprender las estafas. Consulte las se\u00f1ales de alerta. Conozca su papel en las estafas. Descubra c\u00f3mo evitar estafas. Aprenda a denunciar las estafas. Las Tarjetas de Regalo son uno [&hellip;]<\/p>\n","protected":false},"author":2,"featured_media":0,"parent":0,"menu_order":0,"comment_status":"closed","ping_status":"closed","template":"","meta":{"_acf_changed":false,"footnotes":""},"class_list":["post-199","page","type-page","status-publish","hentry"],"acf":[],"_links":{"self":[{"href":"https:\/\/mycardterms.com\/seaworld\/wp-json\/wp\/v2\/pages\/199","targetHints":{"allow":["GET"]}}],"collection":[{"href":"https:\/\/mycardterms.com\/seaworld\/wp-json\/wp\/v2\/pages"}],"about":[{"href":"https:\/\/mycardterms.com\/seaworld\/wp-json\/wp\/v2\/types\/page"}],"author":[{"embeddable":true,"href":"https:\/\/mycardterms.com\/seaworld\/wp-json\/wp\/v2\/users\/2"}],"replies":[{"embeddable":true,"href":"https:\/\/mycardterms.com\/seaworld\/wp-json\/wp\/v2\/comments?post=199"}],"version-history":[{"count":0,"href":"https:\/\/mycardterms.com\/seaworld\/wp-json\/wp\/v2\/pages\/199\/revisions"}],"wp:attachment":[{"href":"https:\/\/mycardterms.com\/seaworld\/wp-json\/wp\/v2\/media?parent=199"}],"curies":[{"name":"wp","href":"https:\/\/api.w.org\/{rel}","templated":true}]}}