{"id":186,"date":"2024-05-21T15:27:45","date_gmt":"2024-05-21T15:27:45","guid":{"rendered":"https:\/\/mycardterms.com\/cimimart\/?page_id=186"},"modified":"2025-02-17T22:07:34","modified_gmt":"2025-02-17T22:07:34","slug":"inicio","status":"publish","type":"page","link":"https:\/\/mycardterms.com\/seaworld\/es-mx\/inicio\/","title":{"rendered":"Inicio"},"content":{"rendered":"<p>Su tarjeta de regalo SeaWorld<\/p>\n<p>Su Tarjeta de Regalo SeaWorld (la \u201cTarjeta de Regalo\u201d) puede ser utilizada por los titulares para canjes hasta el monto del saldo disponible solo para comprar cualquier producto o servicio en las ubicaciones de las marcas participantes. La Tarjeta de Regalo es emitida por SeaWorld of Florida, LLC. Est\u00e1 sujeta a t\u00e9rminos y condiciones. La compra, uso o aceptaci\u00f3n de la Tarjeta de Regalo constituye la aceptaci\u00f3n de estos T\u00e9rminos.<\/p>\n<ul>\n<li><a href=\"https:\/\/mycardterms.com\/seaworld\/es\/emisor-de-la-tarjeta\/\">Emisor de la Tarjeta<\/a><\/li>\n<li><a href=\"https:\/\/mycardterms.com\/seaworld\/es\/inicio\/terminos-completos\/\">T\u00e9rminos de la Tarjeta de Regalo<\/a><\/li>\n<li><a href=\"https:\/\/mycardterms.com\/seaworld\/es\/inicio\/consejos-de-uso-preguntas-frecuentes\/\">Recomendaciones sobre el uso de la Tarjeta (Preguntas frecuentes)<\/a><\/li>\n<li><a href=\"https:\/\/mycardterms.com\/seaworld\/es\/otros-terminos\/\">Otros t\u00e9rminos<\/a><\/li>\n<li><a href=\"https:\/\/mycardterms.com\/seaworld\/es-mx\/avisos-del-titular-de-la-tarjeta\/\">Avisos del Titular de la Tarjeta<\/a><\/li>\n<li><a href=\"https:\/\/mycardterms.com\/seaworld\/es\/saldo-de-la-cuenta\/\">Consulta de saldo<\/a><\/li>\n<li><a href=\"https:\/\/mycardterms.com\/seaworld\/es\/fraude\/\">Est\u00e9 atento al fraude\/estafas con la Tarjeta de Regalo<\/a><\/li>\n<li><a href=\"https:\/\/mycardterms.com\/seaworld\/es\/inicio\/contacta-con-nosotras\/\">Contacto<\/a><\/li>\n<\/ul>\n<p>Para obtener informaci\u00f3n sobre SeaWorld y los parques de sus otras marcas, visite <a href=\"https:\/\/seaworld.com\/\/\" target=\"_blank\" rel=\"noopener\">SeaWorld.com<\/a> o <a href=\"https:\/\/unitedparks.com\/\" target=\"_blank\" rel=\"noopener\">United Park &amp; Resorts<\/a>.<\/p>\n<p>Usted no est\u00e1 autorizado a utilizar este sitio web, ni ning\u00fan sitio web al que este sitio web enlaza, para obtener informaci\u00f3n de la tarjeta salvo que sea el titular legal de la tarjeta y se le permita hacerlo en virtud de los T\u00e9rminos. Se proh\u00edbe cualquier uso de bots, rastreadores, scripts u otros medios automatizados para comprobar los saldos de las tarjetas, acceder a los datos o recopilar contenido, salvo que el Emisor de la Tarjeta lo autorice expresamente.<\/p>\n<p>Para ponerse en contacto con nosotros, consulte nuestra secci\u00f3n <a href=\"https:\/\/mycardterms.com\/seaworld\/es\/inicio\/contacta-con-nosotras\/\">Contacto<\/a>.<\/p>\n","protected":false},"excerpt":{"rendered":"<p>Su tarjeta de regalo SeaWorld Su Tarjeta de Regalo SeaWorld (la \u201cTarjeta de Regalo\u201d) puede ser utilizada por los titulares para canjes hasta el monto del saldo disponible solo para comprar cualquier producto o servicio en las ubicaciones de las marcas participantes. La Tarjeta de Regalo es emitida por SeaWorld of Florida, LLC. Est\u00e1 sujeta [&hellip;]<\/p>\n","protected":false},"author":2,"featured_media":0,"parent":0,"menu_order":0,"comment_status":"closed","ping_status":"closed","template":"","meta":{"_acf_changed":false,"footnotes":""},"class_list":["post-186","page","type-page","status-publish","hentry"],"acf":[],"_links":{"self":[{"href":"https:\/\/mycardterms.com\/seaworld\/wp-json\/wp\/v2\/pages\/186","targetHints":{"allow":["GET"]}}],"collection":[{"href":"https:\/\/mycardterms.com\/seaworld\/wp-json\/wp\/v2\/pages"}],"about":[{"href":"https:\/\/mycardterms.com\/seaworld\/wp-json\/wp\/v2\/types\/page"}],"author":[{"embeddable":true,"href":"https:\/\/mycardterms.com\/seaworld\/wp-json\/wp\/v2\/users\/2"}],"replies":[{"embeddable":true,"href":"https:\/\/mycardterms.com\/seaworld\/wp-json\/wp\/v2\/comments?post=186"}],"version-history":[{"count":0,"href":"https:\/\/mycardterms.com\/seaworld\/wp-json\/wp\/v2\/pages\/186\/revisions"}],"wp:attachment":[{"href":"https:\/\/mycardterms.com\/seaworld\/wp-json\/wp\/v2\/media?parent=186"}],"curies":[{"name":"wp","href":"https:\/\/api.w.org\/{rel}","templated":true}]}}