{"id":200,"date":"2024-05-21T16:03:23","date_gmt":"2024-05-21T16:03:23","guid":{"rendered":"https:\/\/mycardterms.com\/cimimart\/?page_id=200"},"modified":"2024-05-21T16:53:20","modified_gmt":"2024-05-21T16:53:20","slug":"contacta-con-nosotras","status":"publish","type":"page","link":"https:\/\/mycardterms.com\/qvc\/es\/inicio\/contacta-con-nosotras\/","title":{"rendered":"Contacta con nosotras"},"content":{"rendered":"<p>Para consultas relacionadas con la compra de una tarjeta de regalo cimimart, visite <a href=\"https:\/\/www.cimimart.com\">www.cimimart.com<\/a>.<\/p>\n<p>Para consultas sobre la tarjeta de regalo cimimart, llame al <a href=\"tel:1-855-971-7430\">(855)-971-7430<\/a> o env\u00ede un correo electr\u00f3nico a CARDCO a <a href=\"mailto:customerservice@cardcompliant .com\">servicioalcliente@cardcompliant.com<\/a>.<\/p>\n<p>Para consultas sobre CARDCO, llame al <a href=\"tel:1-855-971-7430\">(855)-971-7430<\/a> o env\u00ede un correo electr\u00f3nico a CARDCO a <a href=\"mailto:customerservice@cardcompliant.com \">servicioalcliente@cardcompliant.com<\/a>.<\/p>\n","protected":false},"excerpt":{"rendered":"<p>Para consultas relacionadas con la compra de una tarjeta de regalo cimimart, visite www.cimimart.com. Para consultas sobre la tarjeta de regalo cimimart, llame al (855)-971-7430 o env\u00ede un correo electr\u00f3nico a CARDCO a servicioalcliente@cardcompliant.com. Para consultas sobre CARDCO, llame al (855)-971-7430 o env\u00ede un correo electr\u00f3nico a CARDCO a servicioalcliente@cardcompliant.com.<\/p>\n","protected":false},"author":2,"featured_media":0,"parent":186,"menu_order":0,"comment_status":"closed","ping_status":"closed","template":"","meta":{"_acf_changed":false,"footnotes":""},"class_list":["post-200","page","type-page","status-publish","hentry"],"acf":[],"_links":{"self":[{"href":"https:\/\/mycardterms.com\/qvc\/wp-json\/wp\/v2\/pages\/200","targetHints":{"allow":["GET"]}}],"collection":[{"href":"https:\/\/mycardterms.com\/qvc\/wp-json\/wp\/v2\/pages"}],"about":[{"href":"https:\/\/mycardterms.com\/qvc\/wp-json\/wp\/v2\/types\/page"}],"author":[{"embeddable":true,"href":"https:\/\/mycardterms.com\/qvc\/wp-json\/wp\/v2\/users\/2"}],"replies":[{"embeddable":true,"href":"https:\/\/mycardterms.com\/qvc\/wp-json\/wp\/v2\/comments?post=200"}],"version-history":[{"count":0,"href":"https:\/\/mycardterms.com\/qvc\/wp-json\/wp\/v2\/pages\/200\/revisions"}],"up":[{"embeddable":true,"href":"https:\/\/mycardterms.com\/qvc\/wp-json\/wp\/v2\/pages\/186"}],"wp:attachment":[{"href":"https:\/\/mycardterms.com\/qvc\/wp-json\/wp\/v2\/media?parent=200"}],"curies":[{"name":"wp","href":"https:\/\/api.w.org\/{rel}","templated":true}]}}