{"id":199,"date":"2024-05-21T16:02:42","date_gmt":"2024-05-21T16:02:42","guid":{"rendered":"https:\/\/mycardterms.com\/cimimart\/?page_id=199"},"modified":"2024-05-21T16:57:56","modified_gmt":"2024-05-21T16:57:56","slug":"fraude","status":"publish","type":"page","link":"https:\/\/mycardterms.com\/qvc\/es\/fraude\/","title":{"rendered":"Fraude"},"content":{"rendered":"<div class=\"wp-caption\">\n<p><a href=\"https:\/\/stopgiftcardscams.com\/\" target=\"_blank\" rel=\"noopener\"><img loading=\"lazy\" decoding=\"async\" class=\"alignnone wp-image-71 size-medium\" style=\"margin-bottom: 20px;\" src=\"https:\/\/mycardterms.com\/sellmore\/wp-content\/uploads\/sites\/69\/2023\/07\/FraudSignage2_450x405.png\" alt=\"SCAM ALERT! Be aware gift cards are for gifts, NOT payments. If anyone insists you pay with gift cards, decline the offer and report the incident.\" width=\"240\" height=\"207\" \/><\/a><\/p>\n<div><\/div>\n<div class=\"wp-caption-text\">ALERTA DE ESTAFA CON TARJETAS DE REGALO<\/div>\n<div><\/div>\n<div class=\"wp-caption-text\">Los estafadores pueden atacar a los consumidores de tarjetas de regalo. Comprenda las estafas. Vea las banderas rojas. Conozca su papel en las estafas. Descubra c\u00f3mo evitar las estafas. Aprenda c\u00f3mo denunciar las estafas.<\/div>\n<div><\/div>\n<div class=\"wp-caption-text\">Las tarjetas de regalo son uno de los productos de consumo m\u00e1s populares de la historia. Seg\u00fan la Federaci\u00f3n Nacional de Minoristas, han ostentado el t\u00edtulo de regalo de consumo m\u00e1s popular durante 14 a\u00f1os consecutivos. Desafortunadamente, los consumidores ahora son el objetivo de estafadores, estafadores y una gran cantidad de estafadores diversos. Los consumidores pueden defenderse. La educaci\u00f3n es la clave. Visita <a href=\"https:\/\/stopgiftcardscams.com\/\">stopgiftcardscams.com<\/a>.<\/div>\n<\/div>\n<div class=\"wp-caption\">\n<p><a href=\"https:\/\/stopgiftcardscams.com\/\" target=\"_blank\" rel=\"noopener\"><img loading=\"lazy\" decoding=\"async\" class=\"alignnone wp-image-71 size-medium\" style=\"margin-bottom: 20px;\" src=\"https:\/\/mycardterms.com\/sellmore\/wp-content\/uploads\/sites\/69\/2024\/04\/FraudSignageTamper6.png\" alt=\"SCAM ALERT! Be aware gift cards are for gifts, NOT payments. If anyone insists you pay with gift cards, decline the offer and report the incident.\" width=\"240\" height=\"207\" \/><\/a><\/p>\n<div><\/div>\n<div class=\"wp-caption-text\">ALERTA DE MANIPULACI\u00d3N DE TARJETAS DE REGALO: evite comprar una tarjeta de regalo manipulada<\/div>\n<div><\/div>\n<div class=\"wp-caption-text\">La manipulaci\u00f3n de tarjetas de regalo es un importante plan de fraude. Los estafadores sacan una tarjeta de un estante de ventas. Alteran el embalaje, roban el n\u00famero de la tarjeta, rayan el PIN, roban el PIN, reemplazan el PIN y devuelven la tarjeta al estante. Luego esperan hasta que un comprador compre la tarjeta. Cuando se activa en el momento de la venta, utilizan los n\u00fameros de la tarjeta robada para usarla y agotan su valor, lo que hace que el comprador tenga una tarjeta sin valor. Los consumidores pueden contraatacar. Est\u00e9 atento al comprar tarjetas de regalo. Examinar el embalaje. No compre una tarjeta si alguna parte de la misma, su embalaje o sus caracter\u00edsticas de seguridad parecen haber sido removidas, rotas, da\u00f1adas o manipuladas de otro modo. La educaci\u00f3n y la sensibilizaci\u00f3n son las claves. Visita <a href=\"https:\/\/stopgiftcardscams.com\/\">stopgiftcardscams.com<\/a>.<\/div>\n<\/div>\n","protected":false},"excerpt":{"rendered":"<p>ALERTA DE ESTAFA CON TARJETAS DE REGALO Los estafadores pueden atacar a los consumidores de tarjetas de regalo. Comprenda las estafas. Vea las banderas rojas. Conozca su papel en las estafas. Descubra c\u00f3mo evitar las estafas. Aprenda c\u00f3mo denunciar las estafas. Las tarjetas de regalo son uno de los productos de consumo m\u00e1s populares de [&hellip;]<\/p>\n","protected":false},"author":2,"featured_media":0,"parent":0,"menu_order":0,"comment_status":"closed","ping_status":"closed","template":"","meta":{"_acf_changed":false,"footnotes":""},"class_list":["post-199","page","type-page","status-publish","hentry"],"acf":[],"_links":{"self":[{"href":"https:\/\/mycardterms.com\/qvc\/wp-json\/wp\/v2\/pages\/199","targetHints":{"allow":["GET"]}}],"collection":[{"href":"https:\/\/mycardterms.com\/qvc\/wp-json\/wp\/v2\/pages"}],"about":[{"href":"https:\/\/mycardterms.com\/qvc\/wp-json\/wp\/v2\/types\/page"}],"author":[{"embeddable":true,"href":"https:\/\/mycardterms.com\/qvc\/wp-json\/wp\/v2\/users\/2"}],"replies":[{"embeddable":true,"href":"https:\/\/mycardterms.com\/qvc\/wp-json\/wp\/v2\/comments?post=199"}],"version-history":[{"count":0,"href":"https:\/\/mycardterms.com\/qvc\/wp-json\/wp\/v2\/pages\/199\/revisions"}],"wp:attachment":[{"href":"https:\/\/mycardterms.com\/qvc\/wp-json\/wp\/v2\/media?parent=199"}],"curies":[{"name":"wp","href":"https:\/\/api.w.org\/{rel}","templated":true}]}}