{"id":198,"date":"2024-05-21T16:02:07","date_gmt":"2024-05-21T16:02:07","guid":{"rendered":"https:\/\/mycardterms.com\/cimimart\/?page_id=198"},"modified":"2024-06-24T15:04:59","modified_gmt":"2024-06-24T15:04:59","slug":"solicitud-de-reembolso","status":"publish","type":"page","link":"https:\/\/mycardterms.com\/qvc\/es\/solicitud-de-reembolso\/","title":{"rendered":"Solicitud de reembolso"},"content":{"rendered":"<p>Bienvenido al mostrador de atenci\u00f3n al cliente virtual para procesar solicitudes de descuento en efectivo relacionadas con las tarjetas de regalo de Cimi-Mart.<\/p>\n<p><strong>\u00bfQu\u00e9 es el retiro de efectivo?<\/strong><br \/>\nSu tarjeta de regalo no se puede canjear por efectivo a menos que la ley estatal exija un canje en efectivo. En circunstancias limitadas, las leyes de algunos estados de EE. UU. exigen que se le pague el saldo restante de la tarjeta de regalo en forma de efectivo. Las circunstancias que le dan derecho a recibir un descuento en efectivo de su tarjeta de regalo var\u00edan entre los estados, pero generalmente requieren que haya usado su tarjeta de regalo al menos una vez y que el saldo restante de su tarjeta de regalo sea inferior a un monto en d\u00f3lares especificado en el estatuto. El proceso de recibir una Tarjeta Regalo Cash-Off en estas circunstancias se conoce como Cash-Off o Cash-Back.<\/p>\n<p><strong>Solicitudes de reembolso<\/strong><br \/>\nPuede procesar una Solicitud de retiro de efectivo en este mostrador virtual de atenci\u00f3n al cliente. Si su solicitud cumple con todas las condiciones requeridas por la ley, le enviaremos su efectivo mediante cheque u otro m\u00e9todo de pago dentro de los 5 d\u00edas h\u00e1biles. A continuaci\u00f3n se muestra el enlace donde puede completar y enviar su Solicitud de reembolso. Necesitar\u00e1 cierta informaci\u00f3n de su Tarjeta Regalo para completar la solicitud. Tambi\u00e9n se le pedir\u00e1 que certifique que: (1) es el titular legal de la Tarjeta de regalo; y (2) usted tiene (a) al menos 18 a\u00f1os de edad, o (b) al menos 13 a\u00f1os de edad y utiliza este sitio con el permiso de sus padres o tutor legal.<\/p>\n<table border=\"0\">\n<tbody>\n<tr valign=\"top\">\n<td colspan=\"4\"><strong><b>The Cash-Off Process<\/b><\/strong><\/td>\n<\/tr>\n<tr valign=\"top\">\n<td width=\"0\"><\/td>\n<td width=\"10\">1.<\/td>\n<td width=\"6\"><\/td>\n<td>Haga clic en el bot\u00f3n Solicitud de retiro de efectivo.<\/td>\n<\/tr>\n<tr valign=\"top\">\n<td width=\"0\"><\/td>\n<td width=\"10\">2.<\/td>\n<td width=\"6\"><\/td>\n<td>Confirme su direcci\u00f3n de correo electr\u00f3nico.<\/td>\n<\/tr>\n<tr valign=\"top\">\n<td width=\"0\"><\/td>\n<td width=\"10\">3.<\/td>\n<td width=\"6\"><\/td>\n<td>Complete el formulario de liquidaci\u00f3n.<\/td>\n<\/tr>\n<tr valign=\"top\">\n<td width=\"0\"><\/td>\n<td width=\"10\">4.<\/td>\n<td width=\"6\"><\/td>\n<td>Env\u00ede la solicitud de reembolso.<\/td>\n<\/tr>\n<tr valign=\"top\">\n<td width=\"0\"><\/td>\n<td width=\"10\">5.<\/td>\n<td width=\"6\"><\/td>\n<td>Recibir\u00e1 una respuesta por correo electr\u00f3nico aprobando o rechazando su solicitud.<\/td>\n<\/tr>\n<tr valign=\"top\">\n<td width=\"0\"><\/td>\n<td width=\"10\">6.<\/td>\n<td width=\"6\"><\/td>\n<td>Responda el correo electr\u00f3nico y seleccione el m\u00e9todo de pago que desee.<\/td>\n<\/tr>\n<tr valign=\"top\">\n<td width=\"0\"><\/td>\n<td width=\"10\">7.<\/td>\n<td width=\"6\"><\/td>\n<td>S\u00f3lo podr\u00e1s realizar una solicitud cada 24 horas.<\/td>\n<\/tr>\n<tr valign=\"top\">\n<td width=\"0\"><\/td>\n<td width=\"10\">8.<\/td>\n<td width=\"6\"><\/td>\n<td>Si se aprueba su solicitud, espere cinco d\u00edas h\u00e1biles para que se libere el pago.<\/td>\n<\/tr>\n<tr valign=\"top\">\n<td width=\"0\"><\/td>\n<td width=\"10\">9.<\/td>\n<td width=\"6\"><\/td>\n<td>Si se aprueba su solicitud, espere cinco d\u00edas h\u00e1biles para que se libere el pago.<\/td>\n<\/tr>\n<tr valign=\"top\">\n<td width=\"0\"><\/td>\n<td width=\"10\">10.<\/td>\n<td width=\"6\"><\/td>\n<td>Sin cargos: Cash-Off es un servicio proporcionado por el Emisor de la Tarjeta sin cargo para usted.<\/td>\n<\/tr>\n<\/tbody>\n<\/table>\n<p><a href=\"https:\/\/cashoff-dev.cardcompliant.com\/\" target=\"_blank\" rel=\"noopener\"> <img decoding=\"async\" src=\"https:\/\/mycardterms.com\/cimi-mart-demo\/wp-content\/uploads\/sites\/69\/2024\/05\/cimi-mart-cash-off-request-button-blue2.png\" alt=\"Cash-Off Request page\" width=\"175\" \/><\/a><\/p>\n<p><strong>Aviso:<\/strong> No tiene derecho a obtener un descuento en efectivo en su tarjeta de regalo a menos que la ley exija canjes en efectivo. Por lo tanto, completar y enviar la Solicitud de cancelaci\u00f3n de efectivo no le da derecho, por s\u00ed solo, a recibir efectivo. El Emisor de la Tarjeta se reserva el derecho de rechazar la Solicitud de Retiro. Adem\u00e1s, el Emisor de la tarjeta se reserva el derecho de rechazar su Solicitud de descuento en efectivo si sospecha actividades ilegales o fraudulentas con respecto a las Solicitudes de descuento en efectivo.<\/p>\n<p><strong>\u00bfNecesitas m\u00e1s informaci\u00f3n?<\/strong><br \/>\nPara obtener informaci\u00f3n sobre los estados que requieren Cash-Off y los saldos de tarjetas de regalo que activan el derecho a Cash-Off en esos estados, vaya a la <a href=\"\/cimi-mart-demo\/es\/tabla-de-liquidacion-estatal\/\">Tabla de Cash-Off estatal<\/a>. Para obtener m\u00e1s informaci\u00f3n sobre el proceso de liquidaci\u00f3n de efectivo, consulte <a href=\"\/cimi-mart-demo\/home\/cash-off-faq\/\">Preguntas frecuentes sobre la liquidaci\u00f3n de efectivo<\/a>.<\/p>\n<p><strong>El proceso de Solicitud de Retiro de Efectivo es monitoreado para detectar fraude. Las personas que abusen del sistema Cash-Off ser\u00e1n remitidas para ser procesadas.<\/strong><\/p>\n<p>&nbsp;<\/p>\n","protected":false},"excerpt":{"rendered":"<p>Bienvenido al mostrador de atenci\u00f3n al cliente virtual para procesar solicitudes de descuento en efectivo relacionadas con las tarjetas de regalo de Cimi-Mart. \u00bfQu\u00e9 es el retiro de efectivo? Su tarjeta de regalo no se puede canjear por efectivo a menos que la ley estatal exija un canje en efectivo. En circunstancias limitadas, las leyes [&hellip;]<\/p>\n","protected":false},"author":2,"featured_media":0,"parent":0,"menu_order":0,"comment_status":"closed","ping_status":"closed","template":"","meta":{"_acf_changed":false,"footnotes":""},"class_list":["post-198","page","type-page","status-publish","hentry"],"acf":[],"_links":{"self":[{"href":"https:\/\/mycardterms.com\/qvc\/wp-json\/wp\/v2\/pages\/198","targetHints":{"allow":["GET"]}}],"collection":[{"href":"https:\/\/mycardterms.com\/qvc\/wp-json\/wp\/v2\/pages"}],"about":[{"href":"https:\/\/mycardterms.com\/qvc\/wp-json\/wp\/v2\/types\/page"}],"author":[{"embeddable":true,"href":"https:\/\/mycardterms.com\/qvc\/wp-json\/wp\/v2\/users\/2"}],"replies":[{"embeddable":true,"href":"https:\/\/mycardterms.com\/qvc\/wp-json\/wp\/v2\/comments?post=198"}],"version-history":[{"count":0,"href":"https:\/\/mycardterms.com\/qvc\/wp-json\/wp\/v2\/pages\/198\/revisions"}],"wp:attachment":[{"href":"https:\/\/mycardterms.com\/qvc\/wp-json\/wp\/v2\/media?parent=198"}],"curies":[{"name":"wp","href":"https:\/\/api.w.org\/{rel}","templated":true}]}}