{"id":194,"date":"2024-05-21T15:52:39","date_gmt":"2024-05-21T15:52:39","guid":{"rendered":"https:\/\/mycardterms.com\/cimimart\/?page_id=194"},"modified":"2024-05-21T16:50:01","modified_gmt":"2024-05-21T16:50:01","slug":"otros-terminos","status":"publish","type":"page","link":"https:\/\/mycardterms.com\/qvc\/es\/otros-terminos\/","title":{"rendered":"Otros terminos"},"content":{"rendered":"<p>Los T\u00e9rminos proporcionados en este sitio web los proporciona el Emisor de la tarjeta y son espec\u00edficos de las Tarjetas de regalo. Es posible que se apliquen otros t\u00e9rminos y condiciones a (a) la compra de Tarjetas de regalo en l\u00ednea que se enviar\u00e1n por correo a un Destinatario espec\u00edfico con la direcci\u00f3n proporcionada en el momento de la compra en la plataforma de ventas en l\u00ednea, y\/o (b) las compras corporativas en l\u00ednea de Tarjetas de regalo de gran tama\u00f1o. pedidos de bienes y\/o servicios disponibles en las ubicaciones de Domino&#8217;s participantes en EE. UU.<\/p>\n<p>Las Tarjetas de regalo se pueden comprar en l\u00ednea en <a href=\"http:\/\/www.cimimart.com\" target=\"_blank\" rel=\"noopener\">www.cimimart.com<\/a> (el \u201cSitio de compra\u201d). Las compras en l\u00ednea se regir\u00e1n por los t\u00e9rminos de compra y entrega especificados en el Sitio de Compra. Esos t\u00e9rminos son independientes de estos T\u00e9rminos para las Tarjetas de regalo y se pueden encontrar en:<br \/>\n<a href=\"https:\/\/www.cimimart.com\/\/faq\" target=\"_blank\" rel=\"noopener\">www.cimimart.com\/faq<\/a>.<\/p>\n","protected":false},"excerpt":{"rendered":"<p>Los T\u00e9rminos proporcionados en este sitio web los proporciona el Emisor de la tarjeta y son espec\u00edficos de las Tarjetas de regalo. Es posible que se apliquen otros t\u00e9rminos y condiciones a (a) la compra de Tarjetas de regalo en l\u00ednea que se enviar\u00e1n por correo a un Destinatario espec\u00edfico con la direcci\u00f3n proporcionada en [&hellip;]<\/p>\n","protected":false},"author":2,"featured_media":0,"parent":0,"menu_order":0,"comment_status":"closed","ping_status":"closed","template":"","meta":{"_acf_changed":false,"footnotes":""},"class_list":["post-194","page","type-page","status-publish","hentry"],"acf":[],"_links":{"self":[{"href":"https:\/\/mycardterms.com\/qvc\/wp-json\/wp\/v2\/pages\/194","targetHints":{"allow":["GET"]}}],"collection":[{"href":"https:\/\/mycardterms.com\/qvc\/wp-json\/wp\/v2\/pages"}],"about":[{"href":"https:\/\/mycardterms.com\/qvc\/wp-json\/wp\/v2\/types\/page"}],"author":[{"embeddable":true,"href":"https:\/\/mycardterms.com\/qvc\/wp-json\/wp\/v2\/users\/2"}],"replies":[{"embeddable":true,"href":"https:\/\/mycardterms.com\/qvc\/wp-json\/wp\/v2\/comments?post=194"}],"version-history":[{"count":0,"href":"https:\/\/mycardterms.com\/qvc\/wp-json\/wp\/v2\/pages\/194\/revisions"}],"wp:attachment":[{"href":"https:\/\/mycardterms.com\/qvc\/wp-json\/wp\/v2\/media?parent=194"}],"curies":[{"name":"wp","href":"https:\/\/api.w.org\/{rel}","templated":true}]}}