{"id":186,"date":"2024-05-21T15:27:45","date_gmt":"2024-05-21T15:27:45","guid":{"rendered":"https:\/\/mycardterms.com\/cimimart\/?page_id=186"},"modified":"2025-07-17T14:07:32","modified_gmt":"2025-07-17T14:07:32","slug":"inicio","status":"publish","type":"page","link":"https:\/\/mycardterms.com\/qvc\/es\/inicio\/","title":{"rendered":"Inicio"},"content":{"rendered":"<p>Tu tarjeta regalo Cimimart<\/p>\n<p>Los propietarios de la tarjeta pueden canjear su tarjeta de regalo de Cimimart (\u201cTarjeta de regalo\u201d) hasta el saldo disponible de la tarjeta solo para comprar bienes y\/o servicios \u00fanicamente en Cimimart participante. La tarjeta de regalo es emitida por CARDCO 2024, Inc. La tarjeta de regalo est\u00e1 sujeta a t\u00e9rminos y condiciones. Los t\u00e9rminos y condiciones completos de la Tarjeta de regalo se proporcionan en la pesta\u00f1a T\u00e9rminos completos de la Tarjeta de regalo de este sitio web (los \u201cT\u00e9rminos\u201d). Los T\u00e9rminos incluyen una disposici\u00f3n de cambio de t\u00e9rminos, una cl\u00e1usula de arbitraje vinculante y una disposici\u00f3n de renuncia a la demanda colectiva. La compra, el uso o la aceptaci\u00f3n de la Tarjeta de regalo constituye la aceptaci\u00f3n de estos T\u00e9rminos.<\/p>\n<p><a href=\"https:\/\/mycardterms.com\/qvc\/es\/emisor-de-la-tarjeta\/\">Emisor de la tarjeta<\/a><br \/>\nT\u00e9rminos completos de la tarjeta de regalo<br \/>\nOtros terminos<br \/>\nConsejos de uso (Preguntas frecuentes)<br \/>\nConsulta de saldo<br \/>\nDeclaracion de privacidad<br \/>\nTenga cuidado con los fraudes y estafas con tarjetas de regalo<br \/>\nSolicitud de reembolso<br \/>\nCont\u00e1ctenos<\/p>\n<p>Para obtener informaci\u00f3n sobre Cimimart y sus ubicaciones, visite www.Cimimart.com<\/p>\n<p>No est\u00e1 autorizado a utilizar este sitio web, ni ning\u00fan sitio web al que est\u00e9 vinculado, para obtener informaci\u00f3n de la tarjeta, a menos que sea el propietario legal de la tarjeta y est\u00e9 autorizado a hacerlo seg\u00fan los T\u00e9rminos. Cualquier uso de bots, rastreadores, scripts u otros medios automatizados para verificar saldos de tarjetas, acceder a datos o recopilar contenido est\u00e1 prohibido a menos que lo autorice expresamente el Emisor de la tarjeta.<\/p>\n<p>Para contactarnos, consulte nuestra p\u00e1gina Cont\u00e1ctenos.<\/p>\n","protected":false},"excerpt":{"rendered":"<p>Tu tarjeta regalo Cimimart Los propietarios de la tarjeta pueden canjear su tarjeta de regalo de Cimimart (\u201cTarjeta de regalo\u201d) hasta el saldo disponible de la tarjeta solo para comprar bienes y\/o servicios \u00fanicamente en Cimimart participante. La tarjeta de regalo es emitida por CARDCO 2024, Inc. La tarjeta de regalo est\u00e1 sujeta a t\u00e9rminos [&hellip;]<\/p>\n","protected":false},"author":2,"featured_media":0,"parent":0,"menu_order":0,"comment_status":"closed","ping_status":"closed","template":"","meta":{"_acf_changed":false,"footnotes":""},"class_list":["post-186","page","type-page","status-publish","hentry"],"acf":[],"_links":{"self":[{"href":"https:\/\/mycardterms.com\/qvc\/wp-json\/wp\/v2\/pages\/186","targetHints":{"allow":["GET"]}}],"collection":[{"href":"https:\/\/mycardterms.com\/qvc\/wp-json\/wp\/v2\/pages"}],"about":[{"href":"https:\/\/mycardterms.com\/qvc\/wp-json\/wp\/v2\/types\/page"}],"author":[{"embeddable":true,"href":"https:\/\/mycardterms.com\/qvc\/wp-json\/wp\/v2\/users\/2"}],"replies":[{"embeddable":true,"href":"https:\/\/mycardterms.com\/qvc\/wp-json\/wp\/v2\/comments?post=186"}],"version-history":[{"count":0,"href":"https:\/\/mycardterms.com\/qvc\/wp-json\/wp\/v2\/pages\/186\/revisions"}],"wp:attachment":[{"href":"https:\/\/mycardterms.com\/qvc\/wp-json\/wp\/v2\/media?parent=186"}],"curies":[{"name":"wp","href":"https:\/\/api.w.org\/{rel}","templated":true}]}}