{"id":196,"date":"2024-05-21T15:54:24","date_gmt":"2024-05-21T15:54:24","guid":{"rendered":"https:\/\/mycardterms.com\/cimimart\/?page_id=196"},"modified":"2024-05-21T17:11:18","modified_gmt":"2024-05-21T17:11:18","slug":"consejos-de-uso-preguntas-frecuentes","status":"publish","type":"page","link":"https:\/\/mycardterms.com\/googleworkspace\/es\/inicio\/consejos-de-uso-preguntas-frecuentes\/","title":{"rendered":"Consejos de uso (Preguntas frecuentes)"},"content":{"rendered":"<h2>Consejos sobre el uso de tu tarjeta regalo<\/h2>\n<p>Su tarjeta de regalo <em>cimimart<\/em> debe brindarle una experiencia de compra agradable en las ubicaciones <em>cimimart<\/em> participantes en los EE. UU. El uso de su tarjeta de regalo se ver\u00e1 facilitado por los siguientes consejos de uso que est\u00e1n dise\u00f1ados para abordar Preguntas frecuentes. Haga clic en el t\u00edtulo para revelar el consejo.<\/p>\n","protected":false},"excerpt":{"rendered":"<p>Consejos sobre el uso de tu tarjeta regalo Su tarjeta de regalo cimimart debe brindarle una experiencia de compra agradable en las ubicaciones cimimart participantes en los EE. UU. El uso de su tarjeta de regalo se ver\u00e1 facilitado por los siguientes consejos de uso que est\u00e1n dise\u00f1ados para abordar Preguntas frecuentes. Haga clic en [&hellip;]<\/p>\n","protected":false},"author":2,"featured_media":0,"parent":186,"menu_order":0,"comment_status":"closed","ping_status":"closed","template":"tips-page.php","meta":{"_acf_changed":false,"footnotes":""},"class_list":["post-196","page","type-page","status-publish","hentry"],"acf":[],"_links":{"self":[{"href":"https:\/\/mycardterms.com\/googleworkspace\/wp-json\/wp\/v2\/pages\/196","targetHints":{"allow":["GET"]}}],"collection":[{"href":"https:\/\/mycardterms.com\/googleworkspace\/wp-json\/wp\/v2\/pages"}],"about":[{"href":"https:\/\/mycardterms.com\/googleworkspace\/wp-json\/wp\/v2\/types\/page"}],"author":[{"embeddable":true,"href":"https:\/\/mycardterms.com\/googleworkspace\/wp-json\/wp\/v2\/users\/2"}],"replies":[{"embeddable":true,"href":"https:\/\/mycardterms.com\/googleworkspace\/wp-json\/wp\/v2\/comments?post=196"}],"version-history":[{"count":0,"href":"https:\/\/mycardterms.com\/googleworkspace\/wp-json\/wp\/v2\/pages\/196\/revisions"}],"up":[{"embeddable":true,"href":"https:\/\/mycardterms.com\/googleworkspace\/wp-json\/wp\/v2\/pages\/186"}],"wp:attachment":[{"href":"https:\/\/mycardterms.com\/googleworkspace\/wp-json\/wp\/v2\/media?parent=196"}],"curies":[{"name":"wp","href":"https:\/\/api.w.org\/{rel}","templated":true}]}}