{"id":188,"date":"2024-05-21T15:41:16","date_gmt":"2024-05-21T15:41:16","guid":{"rendered":"https:\/\/mycardterms.com\/cimimart\/?page_id=188"},"modified":"2024-05-21T15:41:16","modified_gmt":"2024-05-21T15:41:16","slug":"emisor-de-la-tarjeta","status":"publish","type":"page","link":"https:\/\/mycardterms.com\/googleworkspace\/es\/emisor-de-la-tarjeta\/","title":{"rendered":"Emisor de la tarjeta"},"content":{"rendered":"<h2>El emisor de su tarjeta regalo<\/h2>\n<p>CARDCO 2024, Inc. o su filial (\u201cCARDCO\u201d) es el emisor de las tarjetas de regalo en el programa de tarjetas de regalo cimimart. Como emisor de la tarjeta, CARDCO es el \u00fanico deudor ante los titulares de la tarjeta. Su tarjeta de regalo se puede canjear en las ubicaciones cimimart participantes seg\u00fan lo establecido en los T\u00e9rminos. De conformidad con un contrato con CARDCO, las tarjetas de regalo son distribuidas y\/o vendidas por cimimart, y los propietarios de las tarjetas pueden canjearlas para comprar bienes y\/o servicios en ubicaciones cimimart participantes. cimimart no es el emisor de la Tarjeta Regalo y no es un deudor ante el propietario de la tarjeta.<\/p>\n<p>CARDCO podr\u00e1 asignar su funci\u00f3n, responsabilidades y deberes de emisi\u00f3n. En ese caso, el cesionario se convertir\u00e1 en el Emisor de las Tarjetas de Regalo y el deudor de las Tarjetas de Regalo. Cualquier cesi\u00f3n de este tipo se realizar\u00e1 sin previo aviso a los propietarios de la tarjeta. Si los t\u00e9rminos y condiciones as\u00ed lo establecen, la cesi\u00f3n se realizar\u00e1 sin recurso a CARDCO, el cesionario se convertir\u00e1 en el \u00fanico deudor con respecto a las Tarjetas de regalo en el momento de la cesi\u00f3n, y CARDCO dejar\u00e1 de ser deudor con respecto a las Tarjetas de regalo.<\/p>\n","protected":false},"excerpt":{"rendered":"<p>El emisor de su tarjeta regalo CARDCO 2024, Inc. o su filial (\u201cCARDCO\u201d) es el emisor de las tarjetas de regalo en el programa de tarjetas de regalo cimimart. Como emisor de la tarjeta, CARDCO es el \u00fanico deudor ante los titulares de la tarjeta. Su tarjeta de regalo se puede canjear en las ubicaciones [&hellip;]<\/p>\n","protected":false},"author":2,"featured_media":0,"parent":0,"menu_order":0,"comment_status":"closed","ping_status":"closed","template":"","meta":{"_acf_changed":false,"footnotes":""},"class_list":["post-188","page","type-page","status-publish","hentry"],"acf":[],"_links":{"self":[{"href":"https:\/\/mycardterms.com\/googleworkspace\/wp-json\/wp\/v2\/pages\/188","targetHints":{"allow":["GET"]}}],"collection":[{"href":"https:\/\/mycardterms.com\/googleworkspace\/wp-json\/wp\/v2\/pages"}],"about":[{"href":"https:\/\/mycardterms.com\/googleworkspace\/wp-json\/wp\/v2\/types\/page"}],"author":[{"embeddable":true,"href":"https:\/\/mycardterms.com\/googleworkspace\/wp-json\/wp\/v2\/users\/2"}],"replies":[{"embeddable":true,"href":"https:\/\/mycardterms.com\/googleworkspace\/wp-json\/wp\/v2\/comments?post=188"}],"version-history":[{"count":0,"href":"https:\/\/mycardterms.com\/googleworkspace\/wp-json\/wp\/v2\/pages\/188\/revisions"}],"wp:attachment":[{"href":"https:\/\/mycardterms.com\/googleworkspace\/wp-json\/wp\/v2\/media?parent=188"}],"curies":[{"name":"wp","href":"https:\/\/api.w.org\/{rel}","templated":true}]}}